{"id":659,"date":"2022-07-13T16:56:10","date_gmt":"2022-07-13T20:56:10","guid":{"rendered":"https:\/\/v2.pressurepluswood.com\/politique-de-retour\/"},"modified":"2023-03-22T16:45:44","modified_gmt":"2023-03-22T20:45:44","slug":"politique-de-retour","status":"publish","type":"page","link":"https:\/\/pressurepluswood.com\/fr\/politique-de-retour\/","title":{"rendered":"Politique de retour"},"content":{"rendered":"\n<p><strong>TOUTES LES VENTES SONT FINALES<\/strong><br\/><br\/>Aucun retour, \u00e9change ou remboursement. Les frais d&rsquo;exp\u00e9dition ne sont pas remboursables. Nous n&rsquo;acceptons pas les retours ou les \u00e9changes, sauf si l&rsquo;article que vous avez achet\u00e9 est d\u00e9fectueux. Si vous recevez un article d\u00e9fectueux, veuillez communiquer avec nous au 1-844-610-PLUS (7587) avec les d\u00e9tails du produit et du d\u00e9faut.<\/p>\n\n<p>Veuillez signaler les articles endommag\u00e9s, d\u00e9fectueux ou manquants dans les 3 jours suivant la livraison en remplissant notre <a href=\"https:\/\/pressurepluswood.com\/fr\/formulaire-de-declaration\/\" data-type=\"page\" data-id=\"157\">formulaire de retour en ligne ici<\/a> apr\u00e8s nous avoir contact\u00e9s au num\u00e9ro ci-dessus.<\/p>\n","protected":false},"excerpt":{"rendered":"<p>TOUTES LES VENTES SONT FINALES Aucun retour, \u00e9change ou remboursement. Les frais d&rsquo;exp\u00e9dition ne sont pas remboursables. Nous n&rsquo;acceptons pas les retours ou les \u00e9changes, sauf si l&rsquo;article que vous avez achet\u00e9 est d\u00e9fectueux. Si vous recevez un article d\u00e9fectueux, veuillez communiquer avec nous au 1-844-610-PLUS (7587) avec les d\u00e9tails du produit et du d\u00e9faut. &#8230; <a title=\"Politique de retour\" class=\"read-more\" href=\"https:\/\/pressurepluswood.com\/fr\/politique-de-retour\/\" aria-label=\"En savoir plus sur Politique de retour\">Lire plus<\/a><\/p>\n","protected":false},"author":2,"featured_media":0,"parent":0,"menu_order":0,"comment_status":"closed","ping_status":"closed","template":"","meta":{"footnotes":""},"class_list":["post-659","page","type-page","status-publish"],"aioseo_notices":[],"_links":{"self":[{"href":"https:\/\/pressurepluswood.com\/fr\/wp-json\/wp\/v2\/pages\/659","targetHints":{"allow":["GET"]}}],"collection":[{"href":"https:\/\/pressurepluswood.com\/fr\/wp-json\/wp\/v2\/pages"}],"about":[{"href":"https:\/\/pressurepluswood.com\/fr\/wp-json\/wp\/v2\/types\/page"}],"author":[{"embeddable":true,"href":"https:\/\/pressurepluswood.com\/fr\/wp-json\/wp\/v2\/users\/2"}],"replies":[{"embeddable":true,"href":"https:\/\/pressurepluswood.com\/fr\/wp-json\/wp\/v2\/comments?post=659"}],"version-history":[{"count":0,"href":"https:\/\/pressurepluswood.com\/fr\/wp-json\/wp\/v2\/pages\/659\/revisions"}],"wp:attachment":[{"href":"https:\/\/pressurepluswood.com\/fr\/wp-json\/wp\/v2\/media?parent=659"}],"curies":[{"name":"wp","href":"https:\/\/api.w.org\/{rel}","templated":true}]}}