{"id":655,"date":"2023-02-13T21:14:13","date_gmt":"2023-02-14T02:14:13","guid":{"rendered":"https:\/\/v2.pressurepluswood.com\/produits\/"},"modified":"2023-05-10T15:21:00","modified_gmt":"2023-05-10T19:21:00","slug":"produits","status":"publish","type":"page","link":"https:\/\/pressurepluswood.com\/fr\/produits\/","title":{"rendered":"Produits"},"content":{"rendered":"\n<div class=\"wp-block-group products-header has-global-color-8-background-color has-background\"><div class=\"wp-block-group__inner-container is-layout-constrained wp-block-group-is-layout-constrained\">\n<h1 class=\"wp-block-heading has-text-align-center has-base-3-color has-text-color\">Pourquoi choisir Pressure Plus?<\/h1>\n\n\n\n<div class=\"wp-block-columns is-layout-flex wp-container-core-columns-is-layout-9d6595d7 wp-block-columns-is-layout-flex\">\n<div class=\"wp-block-column is-layout-flow wp-block-column-is-layout-flow\" style=\"flex-basis:30%\">\n<p class=\"has-text-align-center has-base-3-color has-text-color\">Application en 1 \u00e9tape facile pendant ou apr\u00e8s la construction<\/p>\n<\/div>\n\n\n\n<div class=\"wp-block-column is-layout-flow wp-block-column-is-layout-flow\" style=\"flex-basis:5%\">\n<p class=\"has-text-align-center has-global-color-9-color has-text-color has-x-large-font-size\">+<\/p>\n<\/div>\n\n\n\n<div class=\"wp-block-column is-layout-flow wp-block-column-is-layout-flow\" style=\"flex-basis:30%\">\n<p class=\"has-text-align-center has-base-3-color has-text-color\">Rehausse la performance et la stabilit\u00e9 dimensionnelle<\/p>\n<\/div>\n\n\n\n<div class=\"wp-block-column is-layout-flow wp-block-column-is-layout-flow\" style=\"flex-basis:5%\">\n<p class=\"has-text-align-center has-global-color-9-color has-text-color has-x-large-font-size\">+<\/p>\n<\/div>\n\n\n\n<div class=\"wp-block-column is-layout-flow wp-block-column-is-layout-flow\" style=\"flex-basis:30%\">\n<p class=\"has-text-align-center has-base-3-color has-text-color\">Id\u00e9al pour les structures et plateformes de bois trait\u00e9s existantes ou nouvelles<\/p>\n<\/div>\n<\/div>\n<\/div><\/div>\n\n\n\n<div style=\"height:40px\" aria-hidden=\"true\" class=\"wp-block-spacer\"><\/div>\n\n\n\n<div class=\"wp-block-columns is-layout-flex wp-container-core-columns-is-layout-9d6595d7 wp-block-columns-is-layout-flex\">\n<div class=\"wp-block-column is-layout-flow wp-block-column-is-layout-flow\" style=\"flex-basis:25%\">\n<div style=\"height:25px\" aria-hidden=\"true\" class=\"wp-block-spacer\"><\/div>\n\n\n<div class=\"wp-block-image\">\n<figure class=\"aligncenter size-full is-resized\"><img decoding=\"async\" src=\"https:\/\/pressurepluswood.com\/wp-content\/uploads\/2022\/07\/product-pressure-plus.png\" alt=\"Pressure Plus peut\" class=\"wp-image-95\" width=\"188\" height=\"235\" srcset=\"https:\/\/pressurepluswood.com\/wp-content\/uploads\/2022\/07\/product-pressure-plus.png 251w, https:\/\/pressurepluswood.com\/wp-content\/uploads\/2022\/07\/product-pressure-plus-241x300.png 241w\" sizes=\"(max-width: 188px) 100vw, 188px\" \/><\/figure>\n<\/div><\/div>\n\n\n\n<div class=\"wp-block-column is-layout-flow wp-block-column-is-layout-flow\" style=\"flex-basis:25%\">\n<div style=\"height:25px\" aria-hidden=\"true\" class=\"wp-block-spacer\"><\/div>\n\n\n\n<h2 class=\"wp-block-heading has-text-align-center\">PRESSION PLUS<\/h2>\n\n\n\n<p class=\"has-text-align-center\">Magnifiques teintes de bois naturelles pour tous les types de bois trait\u00e9s.<\/p>\n\n\n\n<div class=\"wp-block-buttons is-content-justification-center is-layout-flex wp-container-core-buttons-is-layout-16018d1d wp-block-buttons-is-layout-flex\">\n<div class=\"wp-block-button\"><a class=\"wp-block-button__link wp-element-button\" href=\"https:\/\/pressurepluswood.com\/fr\/produit\/pressure-plus\/\">ACHETEZ MAINTENANT<\/a><\/div>\n<\/div>\n<\/div>\n\n\n\n<div class=\"wp-block-column is-layout-flow wp-block-column-is-layout-flow\" style=\"flex-basis:50%\"><div class=\"wp-block-image\">\n<figure class=\"alignright size-full\"><img decoding=\"async\" width=\"480\" height=\"365\" src=\"https:\/\/pressurepluswood.com\/wp-content\/uploads\/about-2-image.png\" alt=\"\" class=\"wp-image-485\" srcset=\"https:\/\/pressurepluswood.com\/wp-content\/uploads\/about-2-image.png 480w, https:\/\/pressurepluswood.com\/wp-content\/uploads\/about-2-image-300x228.png 300w\" sizes=\"(max-width: 480px) 100vw, 480px\" \/><\/figure>\n<\/div><\/div>\n<\/div>\n\n\n\n<div class=\"wp-block-columns has-background is-layout-flex wp-container-core-columns-is-layout-9d6595d7 wp-block-columns-is-layout-flex\" style=\"background-color:#efefef\">\n<div class=\"wp-block-column is-layout-flow wp-block-column-is-layout-flow\" style=\"flex-basis:25%\">\n<div style=\"height:25px\" aria-hidden=\"true\" class=\"wp-block-spacer\"><\/div>\n\n\n<div class=\"wp-block-image\">\n<figure class=\"aligncenter size-full is-resized\"><img decoding=\"async\" src=\"https:\/\/pressurepluswood.com\/wp-content\/uploads\/2022\/07\/product-pressure-light.png\" alt=\"Pressure Plus Light peut\" class=\"wp-image-100\" width=\"188\" height=\"234\" srcset=\"https:\/\/pressurepluswood.com\/wp-content\/uploads\/2022\/07\/product-pressure-light.png 250w, https:\/\/pressurepluswood.com\/wp-content\/uploads\/2022\/07\/product-pressure-light-240x300.png 240w\" sizes=\"(max-width: 188px) 100vw, 188px\" \/><\/figure>\n<\/div><\/div>\n\n\n\n<div class=\"wp-block-column is-layout-flow wp-block-column-is-layout-flow\" style=\"flex-basis:25%\">\n<div style=\"height:25px\" aria-hidden=\"true\" class=\"wp-block-spacer\"><\/div>\n\n\n\n<h2 class=\"wp-block-heading has-text-align-center\">PRESSION PLUS LUMI\u00c8RE<\/h2>\n\n\n\n<p class=\"has-text-align-center\">Teintes l\u00e9g\u00e8res contemporaines pour tous les types de bois trait\u00e9s.<\/p>\n\n\n\n<div class=\"wp-block-buttons is-content-justification-center is-layout-flex wp-container-core-buttons-is-layout-16018d1d wp-block-buttons-is-layout-flex\">\n<div class=\"wp-block-button\"><a class=\"wp-block-button__link wp-element-button\" href=\"https:\/\/pressurepluswood.com\/fr\/produit\/pressure-plus-light\/\">acheter maintenant<\/a><\/div>\n<\/div>\n<\/div>\n\n\n\n<div class=\"wp-block-column is-layout-flow wp-block-column-is-layout-flow\" style=\"flex-basis:50%\"><div class=\"wp-block-image\">\n<figure class=\"alignright size-full\"><img decoding=\"async\" width=\"477\" height=\"363\" src=\"https:\/\/pressurepluswood.com\/wp-content\/uploads\/about-3-image.png\" alt=\"\" class=\"wp-image-501\" srcset=\"https:\/\/pressurepluswood.com\/wp-content\/uploads\/about-3-image.png 477w, https:\/\/pressurepluswood.com\/wp-content\/uploads\/about-3-image-300x228.png 300w\" sizes=\"(max-width: 477px) 100vw, 477px\" \/><\/figure>\n<\/div><\/div>\n<\/div>\n\n\n\n<div class=\"wp-block-columns is-layout-flex wp-container-core-columns-is-layout-9d6595d7 wp-block-columns-is-layout-flex\">\n<div class=\"wp-block-column is-layout-flow wp-block-column-is-layout-flow\" style=\"flex-basis:25%\">\n<div style=\"height:25px\" aria-hidden=\"true\" class=\"wp-block-spacer\"><\/div>\n\n\n<div class=\"wp-block-image\">\n<figure class=\"aligncenter size-full is-resized\"><img decoding=\"async\" src=\"https:\/\/pressurepluswood.com\/wp-content\/uploads\/2022\/07\/product-pressure-gray.png\" alt=\"Pressure Plus Gray peut\" class=\"wp-image-102\" width=\"188\" height=\"235\" srcset=\"https:\/\/pressurepluswood.com\/wp-content\/uploads\/2022\/07\/product-pressure-gray.png 251w, https:\/\/pressurepluswood.com\/wp-content\/uploads\/2022\/07\/product-pressure-gray-241x300.png 241w\" sizes=\"(max-width: 188px) 100vw, 188px\" \/><\/figure>\n<\/div><\/div>\n\n\n\n<div class=\"wp-block-column is-layout-flow wp-block-column-is-layout-flow\" style=\"flex-basis:25%\">\n<div style=\"height:25px\" aria-hidden=\"true\" class=\"wp-block-spacer\"><\/div>\n\n\n\n<h2 class=\"wp-block-heading has-text-align-center\">PRESSION PLUS GRaY<\/h2>\n\n\n\n<p class=\"has-text-align-center\">Teintes gris-argent classiques pour tous les types de bois trait\u00e9s.<\/p>\n\n\n\n<div class=\"wp-block-buttons is-content-justification-center is-layout-flex wp-container-core-buttons-is-layout-16018d1d wp-block-buttons-is-layout-flex\">\n<div class=\"wp-block-button\"><a class=\"wp-block-button__link wp-element-button\" href=\"https:\/\/pressurepluswood.com\/fr\/produit\/pressure-plus-gray\/\">acheter maintenant<\/a><\/div>\n<\/div>\n<\/div>\n\n\n\n<div class=\"wp-block-column is-layout-flow wp-block-column-is-layout-flow\" style=\"flex-basis:50%\"><div class=\"wp-block-image\">\n<figure class=\"alignright size-full\"><img decoding=\"async\" width=\"475\" height=\"383\" src=\"https:\/\/pressurepluswood.com\/wp-content\/uploads\/2022\/07\/about-4-image.png\" alt=\"\" class=\"wp-image-197\" srcset=\"https:\/\/pressurepluswood.com\/wp-content\/uploads\/2022\/07\/about-4-image.png 475w, https:\/\/pressurepluswood.com\/wp-content\/uploads\/2022\/07\/about-4-image-300x242.png 300w\" sizes=\"(max-width: 475px) 100vw, 475px\" \/><\/figure>\n<\/div><\/div>\n<\/div>\n\n\n\n<div class=\"wp-block-cover is-light locator-cover\" style=\"min-height:225px;aspect-ratio:unset;\"><span aria-hidden=\"true\" class=\"wp-block-cover__background has-background-dim-0 has-background-dim\"><\/span><img decoding=\"async\" width=\"1170\" height=\"277\" class=\"wp-block-cover__image-background wp-image-526\" alt=\"\" src=\"https:\/\/pressurepluswood.com\/wp-content\/uploads\/homepage-loc-lg.jpg\" data-object-fit=\"cover\" srcset=\"https:\/\/pressurepluswood.com\/wp-content\/uploads\/homepage-loc-lg.jpg 1170w, https:\/\/pressurepluswood.com\/wp-content\/uploads\/homepage-loc-lg-300x71.jpg 300w, https:\/\/pressurepluswood.com\/wp-content\/uploads\/homepage-loc-lg-1024x242.jpg 1024w, https:\/\/pressurepluswood.com\/wp-content\/uploads\/homepage-loc-lg-768x182.jpg 768w\" sizes=\"(max-width: 1170px) 100vw, 1170px\" \/><div class=\"wp-block-cover__inner-container is-layout-flow wp-block-cover-is-layout-flow\">\n<div class=\"wp-block-columns is-layout-flex wp-container-core-columns-is-layout-9d6595d7 wp-block-columns-is-layout-flex\">\n<div class=\"wp-block-column is-layout-flow wp-block-column-is-layout-flow\" style=\"flex-basis:40%\">\n<p class=\"has-x-large-font-size\">TROUVEZ UN VENDEUR DE PRODUITS PRESSURE PLUS PR\u00c8S DE CHEZ VOUS<\/p>\n\n\n\n<div class=\"wp-block-buttons is-layout-flex wp-block-buttons-is-layout-flex\">\n<div class=\"wp-block-button has-custom-font-size has-medium-font-size\"><a class=\"wp-block-button__link has-background wp-element-button\" href=\"https:\/\/pressurepluswood.com\/fr\/vendeurs\/\" style=\"border-radius:10px;background-color:#4b4b4d\">TROUVEZ-LE MAINTENANT<\/a><\/div>\n<\/div>\n<\/div>\n\n\n\n<div class=\"wp-block-column is-layout-flow wp-block-column-is-layout-flow\" style=\"flex-basis:60%\"><\/div>\n<\/div>\n<\/div><\/div>\n","protected":false},"excerpt":{"rendered":"<p>Pourquoi choisir Pressure Plus? Application en 1 \u00e9tape facile pendant ou apr\u00e8s la construction + Rehausse la performance et la stabilit\u00e9 dimensionnelle + Id\u00e9al pour les structures et plateformes de bois trait\u00e9s existantes ou nouvelles PRESSION PLUS Magnifiques teintes de bois naturelles pour tous les types de bois trait\u00e9s. PRESSION PLUS LUMI\u00c8RE Teintes l\u00e9g\u00e8res contemporaines &#8230; <a title=\"Produits\" class=\"read-more\" href=\"https:\/\/pressurepluswood.com\/fr\/produits\/\" aria-label=\"En savoir plus sur Produits\">Lire plus<\/a><\/p>\n","protected":false},"author":2,"featured_media":0,"parent":0,"menu_order":0,"comment_status":"closed","ping_status":"closed","template":"","meta":{"footnotes":""},"class_list":["post-655","page","type-page","status-publish"],"aioseo_notices":[],"_links":{"self":[{"href":"https:\/\/pressurepluswood.com\/fr\/wp-json\/wp\/v2\/pages\/655","targetHints":{"allow":["GET"]}}],"collection":[{"href":"https:\/\/pressurepluswood.com\/fr\/wp-json\/wp\/v2\/pages"}],"about":[{"href":"https:\/\/pressurepluswood.com\/fr\/wp-json\/wp\/v2\/types\/page"}],"author":[{"embeddable":true,"href":"https:\/\/pressurepluswood.com\/fr\/wp-json\/wp\/v2\/users\/2"}],"replies":[{"embeddable":true,"href":"https:\/\/pressurepluswood.com\/fr\/wp-json\/wp\/v2\/comments?post=655"}],"version-history":[{"count":0,"href":"https:\/\/pressurepluswood.com\/fr\/wp-json\/wp\/v2\/pages\/655\/revisions"}],"wp:attachment":[{"href":"https:\/\/pressurepluswood.com\/fr\/wp-json\/wp\/v2\/media?parent=655"}],"curies":[{"name":"wp","href":"https:\/\/api.w.org\/{rel}","templated":true}]}}