{"id":653,"date":"2022-07-13T17:07:27","date_gmt":"2022-07-13T21:07:27","guid":{"rendered":"https:\/\/v2.pressurepluswood.com\/conditions-de-vente\/"},"modified":"2023-03-22T16:45:44","modified_gmt":"2023-03-22T20:45:44","slug":"conditions-de-vente","status":"publish","type":"page","link":"https:\/\/pressurepluswood.com\/fr\/conditions-de-vente\/","title":{"rendered":"Conditions de vente"},"content":{"rendered":"\n<p>La seule obligation du fabricant et du vendeur sera de remplacer la quantit\u00e9 de produit Pressure Plus dont la d\u00e9fectuosit\u00e9 s\u2019av\u00e8re d\u00e9fectueuse. Une preuve d&rsquo;achat est requise. Le vendeur ou le fabricant ne peut \u00eatre tenu responsable de toute perte ou de tout dommage li\u00e9 \u00e0 l&rsquo;utilisation et\/ou \u00e0 la manipulation de ce produit. Tous les co\u00fbts de main-d&rsquo;\u0153uvre sont express\u00e9ment exclus. L&rsquo;utilisateur doit d\u00e9terminer si le produit convient \u00e0 l&rsquo;usage pr\u00e9vu avant de l&rsquo;appliquer. L&rsquo;utilisateur assume tous les risques et toutes les responsabilit\u00e9s y aff\u00e9rents. Cette garantie remplace express\u00e9ment tous les autres droits, garanties, conditions et recours, explicites ou implicites, y compris, mais sans s&rsquo;y limiter, toute garantie ou condition implicite de qualit\u00e9 marchande, d&rsquo;ad\u00e9quation \u00e0 un usage particulier, et toute garantie ou condition d\u00e9coulant d&rsquo;une pratique commerciale, d&rsquo;une coutume ou d&rsquo;un usage du commerce. Si un distributeur ou un vendeur de produits offre des garanties ou des recours qui diff\u00e8rent de ceux offerts par The Sansin Corporation, Sansin n\u2019accepte aucune responsabilit\u00e9 pour ces garanties ou recours.<\/p>\n","protected":false},"excerpt":{"rendered":"<p>La seule obligation du fabricant et du vendeur sera de remplacer la quantit\u00e9 de produit Pressure Plus dont la d\u00e9fectuosit\u00e9 s\u2019av\u00e8re d\u00e9fectueuse. Une preuve d&rsquo;achat est requise. Le vendeur ou le fabricant ne peut \u00eatre tenu responsable de toute perte ou de tout dommage li\u00e9 \u00e0 l&rsquo;utilisation et\/ou \u00e0 la manipulation de ce produit. Tous &#8230; <a title=\"Conditions de vente\" class=\"read-more\" href=\"https:\/\/pressurepluswood.com\/fr\/conditions-de-vente\/\" aria-label=\"En savoir plus sur Conditions de vente\">Lire plus<\/a><\/p>\n","protected":false},"author":2,"featured_media":0,"parent":0,"menu_order":0,"comment_status":"closed","ping_status":"closed","template":"","meta":{"footnotes":""},"class_list":["post-653","page","type-page","status-publish"],"aioseo_notices":[],"_links":{"self":[{"href":"https:\/\/pressurepluswood.com\/fr\/wp-json\/wp\/v2\/pages\/653","targetHints":{"allow":["GET"]}}],"collection":[{"href":"https:\/\/pressurepluswood.com\/fr\/wp-json\/wp\/v2\/pages"}],"about":[{"href":"https:\/\/pressurepluswood.com\/fr\/wp-json\/wp\/v2\/types\/page"}],"author":[{"embeddable":true,"href":"https:\/\/pressurepluswood.com\/fr\/wp-json\/wp\/v2\/users\/2"}],"replies":[{"embeddable":true,"href":"https:\/\/pressurepluswood.com\/fr\/wp-json\/wp\/v2\/comments?post=653"}],"version-history":[{"count":0,"href":"https:\/\/pressurepluswood.com\/fr\/wp-json\/wp\/v2\/pages\/653\/revisions"}],"wp:attachment":[{"href":"https:\/\/pressurepluswood.com\/fr\/wp-json\/wp\/v2\/media?parent=653"}],"curies":[{"name":"wp","href":"https:\/\/api.w.org\/{rel}","templated":true}]}}