{"id":651,"date":"2022-07-13T17:07:55","date_gmt":"2022-07-13T21:07:55","guid":{"rendered":"https:\/\/v2.pressurepluswood.com\/conditions-dexpedition\/"},"modified":"2023-03-22T16:45:44","modified_gmt":"2023-03-22T20:45:44","slug":"conditions-dexpedition","status":"publish","type":"page","link":"https:\/\/pressurepluswood.com\/fr\/conditions-dexpedition\/","title":{"rendered":"Conditions d\u2019exp\u00e9dition"},"content":{"rendered":"\n<p><strong>Fret<\/strong>: L\u2019exp\u00e9dition standard est la livraison au sol \u00e0 votre adresse en Am\u00e9rique du Nord, \u00e0 l\u2019exclusion de l\u2019Alaska, sans inclure de services et de frais suppl\u00e9mentaires, y compris le hayon, le hayon, le bagage \u00e0 main, la fen\u00eatre manqu\u00e9e, etc. La responsabilit\u00e9 de l&rsquo;engagement et du paiement de ces frais incombe enti\u00e8rement \u00e0 l&rsquo;acheteur. Afin d&rsquo;\u00e9viter tout frais inutile ou non d\u00e9sir\u00e9, nous vous recommandons d&rsquo;examiner, de v\u00e9rifier et de documenter les services fournis avec le livreur avant le d\u00e9chargement. Examiner et v\u00e9rifier : Le connaissement, le bordereau d&rsquo;exp\u00e9dition et les autres documents sont-ils corrects ? Contr\u00f4ler : La quantit\u00e9, la qualit\u00e9 et l&rsquo;\u00e9tat de la commande sont-ils acceptables ? Tous les cartons (m\u00eame s&rsquo;ils ne semblent pas endommag\u00e9s) doivent \u00eatre ouverts pour v\u00e9rifier s&rsquo;ils pr\u00e9sentent des dommages cach\u00e9s. Inspecter les languettes de cong\u00e9lation (qui se trouvent dans l&rsquo;enveloppe color\u00e9e lors de l&rsquo;exp\u00e9dition en saison froide uniquement). Si votre envoi est complet et en bon \u00e9tat, acceptez-le en signant le connaissement. Si votre envoi est incomplet ou endommag\u00e9, veuillez consigner toute anomalie directement sur la lettre de voiture et demander au chauffeur de signer pour en accuser r\u00e9ception. La Sansin Corporation n&rsquo;assumera aucune responsabilit\u00e9 pour les probl\u00e8mes de livraison si les divergences ne sont pas not\u00e9es sur le bordereau d&rsquo;exp\u00e9dition. Prenez des mesures : Veuillez aviser votre repr\u00e9sentant Pressure Plus de tout probl\u00e8me dans les 24 heures par t\u00e9l\u00e9phone au 1-844-610-PLUS (7587). Ne contactez pas directement la soci\u00e9t\u00e9 de transport.<\/p>\n","protected":false},"excerpt":{"rendered":"<p>Fret: L\u2019exp\u00e9dition standard est la livraison au sol \u00e0 votre adresse en Am\u00e9rique du Nord, \u00e0 l\u2019exclusion de l\u2019Alaska, sans inclure de services et de frais suppl\u00e9mentaires, y compris le hayon, le hayon, le bagage \u00e0 main, la fen\u00eatre manqu\u00e9e, etc. La responsabilit\u00e9 de l&rsquo;engagement et du paiement de ces frais incombe enti\u00e8rement \u00e0 l&rsquo;acheteur. &#8230; <a title=\"Conditions d\u2019exp\u00e9dition\" class=\"read-more\" href=\"https:\/\/pressurepluswood.com\/fr\/conditions-dexpedition\/\" aria-label=\"En savoir plus sur Conditions d\u2019exp\u00e9dition\">Lire plus<\/a><\/p>\n","protected":false},"author":2,"featured_media":0,"parent":0,"menu_order":0,"comment_status":"closed","ping_status":"closed","template":"","meta":{"footnotes":""},"class_list":["post-651","page","type-page","status-publish"],"aioseo_notices":[],"_links":{"self":[{"href":"https:\/\/pressurepluswood.com\/fr\/wp-json\/wp\/v2\/pages\/651","targetHints":{"allow":["GET"]}}],"collection":[{"href":"https:\/\/pressurepluswood.com\/fr\/wp-json\/wp\/v2\/pages"}],"about":[{"href":"https:\/\/pressurepluswood.com\/fr\/wp-json\/wp\/v2\/types\/page"}],"author":[{"embeddable":true,"href":"https:\/\/pressurepluswood.com\/fr\/wp-json\/wp\/v2\/users\/2"}],"replies":[{"embeddable":true,"href":"https:\/\/pressurepluswood.com\/fr\/wp-json\/wp\/v2\/comments?post=651"}],"version-history":[{"count":0,"href":"https:\/\/pressurepluswood.com\/fr\/wp-json\/wp\/v2\/pages\/651\/revisions"}],"wp:attachment":[{"href":"https:\/\/pressurepluswood.com\/fr\/wp-json\/wp\/v2\/media?parent=651"}],"curies":[{"name":"wp","href":"https:\/\/api.w.org\/{rel}","templated":true}]}}