{"id":648,"date":"2022-07-13T14:39:53","date_gmt":"2022-07-13T18:39:53","guid":{"rendered":"https:\/\/v2.pressurepluswood.com\/comment\/"},"modified":"2023-05-10T15:33:37","modified_gmt":"2023-05-10T19:33:37","slug":"comment-faire","status":"publish","type":"page","link":"https:\/\/pressurepluswood.com\/fr\/comment-faire\/","title":{"rendered":"Comment Faire"},"content":{"rendered":"\n<div class=\"wp-block-group group-how-to\"><div class=\"wp-block-group__inner-container is-layout-constrained wp-block-group-is-layout-constrained\">\n<h1 class=\"wp-block-heading has-text-align-center has-base-3-color has-text-color\">POUVEZ VOUS RECOUVRIR DU BOIS TRAIT\u00c9?<\/h1>\n\n\n\n<h2 class=\"wp-block-heading has-text-align-center has-base-3-color has-text-color\">OUI, EN SEULEMENT QUELQUES \u00c9TAPES.<\/h2>\n<\/div><\/div>\n\n\n\n<div class=\"wp-block-columns is-layout-flex wp-container-core-columns-is-layout-9d6595d7 wp-block-columns-is-layout-flex\">\n<div class=\"wp-block-column is-layout-flow wp-block-column-is-layout-flow\"><div class=\"wp-block-image\">\n<figure class=\"aligncenter size-full\"><a href=\"https:\/\/pressurepluswood.com\/wp-content\/uploads\/2023\/02\/how-to-prep.gif\"><img decoding=\"async\" width=\"85\" height=\"85\" src=\"https:\/\/pressurepluswood.com\/wp-content\/uploads\/2023\/02\/how-to-prep.gif\" alt=\"\" class=\"wp-image-419\"\/><\/a><\/figure>\n<\/div>\n\n\n<h3 class=\"wp-block-heading has-text-align-center\">PR\u00c9PARATION<\/h3>\n\n\n\n<ul class=\"wp-block-list\">\n<li>Inspectez les surfaces de bois pour d\u00e9tecter les d\u00e9fauts et effectuer les r\u00e9parations si n\u00e9cessaires.<\/li>\n\n\n\n<li>Utilisez le nettoyant appropri\u00e9\u00a0: Sansin Wood Cleaner et\/ou nettoyez la surface \u00e0 l\u2019eau clair \u00e0 l\u2019aide d\u2019une machine \u00e0 pression de 3000 PSI minimum. Soyez prudent pour \u00e9viter d\u2019\u00e9roder la surface.<\/li>\n\n\n\n<li>Pour de meilleurs r\u00e9sultats et une surface lisse, poncez la surface \u00e0 l\u2019aide d\u2019une ponceuse orbitale et de papier abrasif de calibre 60-80.<\/li>\n\n\n\n<li>Compl\u00e9tez le nettoyage \u00e0 l\u2019aide d\u2019une laveuse \u00e0 pression, un aspirateur ou une machine \u00e0 air comprim\u00e9. La surface doit \u00eatre propre, exempte de poussi\u00e8re, salet\u00e9, graisse, cire ou autre rev\u00eatement existant.<\/li>\n<\/ul>\n<\/div>\n\n\n\n<div class=\"wp-block-column is-layout-flow wp-block-column-is-layout-flow\"><div class=\"wp-block-image\">\n<figure class=\"aligncenter size-full\"><a href=\"https:\/\/pressurepluswood.com\/wp-content\/uploads\/2023\/02\/how-to-app.gif\"><img decoding=\"async\" width=\"85\" height=\"85\" src=\"https:\/\/pressurepluswood.com\/wp-content\/uploads\/2023\/02\/how-to-app.gif\" alt=\"\" class=\"wp-image-421\"\/><\/a><\/figure>\n<\/div>\n\n\n<h3 class=\"wp-block-heading has-text-align-center\">M\u00c9THODES D\u2019APPLICATION<\/h3>\n\n\n\n<ul class=\"wp-block-list\">\n<li>Toujours appliquer une couche g\u00e9n\u00e9reuse sur la surface et laisser p\u00e9n\u00e9trer jusqu\u2019au point de saturation<\/li>\n\n\n\n<li>Par trempage<\/li>\n\n\n\n<li>Au pinceau<\/li>\n\n\n\n<li>Par submersion<\/li>\n\n\n\n<li>Vaporisateur \u2013 vaporisation \u00e0 la main ou assist\u00e9 (faible pression ou sans air)<\/li>\n<\/ul>\n<\/div>\n\n\n\n<div class=\"wp-block-column is-layout-flow wp-block-column-is-layout-flow\"><div class=\"wp-block-image\">\n<figure class=\"aligncenter size-full\"><a href=\"https:\/\/pressurepluswood.com\/wp-content\/uploads\/2023\/02\/how-to-work.gif\"><img decoding=\"async\" width=\"85\" height=\"85\" src=\"https:\/\/pressurepluswood.com\/wp-content\/uploads\/2023\/02\/how-to-work.gif\" alt=\"\" class=\"wp-image-420\"\/><\/a><\/figure>\n<\/div>\n\n\n<h3 class=\"wp-block-heading has-text-align-center\">PROC\u00c9DURE D\u2019UTILISATION<\/h3>\n\n\n\n<ul class=\"wp-block-list\">\n<li>Bien m\u00e9langer avant et pendant l\u2019application.<\/li>\n\n\n\n<li>Essayer le produit sur une petite surface pour vous assurer que la p\u00e9n\u00e9tration et la couleur sont ad\u00e9quates.<\/li>\n\n\n\n<li>Appliquer dans les conditions id\u00e9ales de temp\u00e9rature et d\u2019humidit\u00e9 soit\u00a0: 21\u00b0C (70 \u00b0F) et environ 50% d\u2019humidit\u00e9 relative.<\/li>\n\n\n\n<li>Ne pas appliquer lorsque des pr\u00e9cipitations sont pr\u00e9vues ou s\u2019il y a risque de gel.<\/li>\n\n\n\n<li>Saturer la surface du bois (5-6 mils humides).<\/li>\n\n\n\n<li>Passer un pinceau pour bien \u00e9tendre et \u00e9liminer les traces.<\/li>\n\n\n\n<li>Ne pas appliquer sur le bois s\u2019il est chaud au toucher.<\/li>\n\n\n\n<li>Surveillez constamment la surface ; essuyer tout surplus et repasser au pinceau.<\/li>\n\n\n\n<li>Toujours lire les directives avant de d\u00e9buter tout projet.<\/li>\n<\/ul>\n<\/div>\n<\/div>\n\n\n\n<div class=\"wp-block-cover is-light locator-cover\" style=\"min-height:225px;aspect-ratio:unset;\"><span aria-hidden=\"true\" class=\"wp-block-cover__background has-background-dim-0 has-background-dim\"><\/span><img decoding=\"async\" width=\"1170\" height=\"277\" class=\"wp-block-cover__image-background wp-image-526\" alt=\"\" src=\"https:\/\/pressurepluswood.com\/wp-content\/uploads\/homepage-loc-lg.jpg\" data-object-fit=\"cover\" srcset=\"https:\/\/pressurepluswood.com\/wp-content\/uploads\/homepage-loc-lg.jpg 1170w, https:\/\/pressurepluswood.com\/wp-content\/uploads\/homepage-loc-lg-300x71.jpg 300w, https:\/\/pressurepluswood.com\/wp-content\/uploads\/homepage-loc-lg-1024x242.jpg 1024w, https:\/\/pressurepluswood.com\/wp-content\/uploads\/homepage-loc-lg-768x182.jpg 768w\" sizes=\"(max-width: 1170px) 100vw, 1170px\" \/><div class=\"wp-block-cover__inner-container is-layout-flow wp-block-cover-is-layout-flow\">\n<div class=\"wp-block-columns is-layout-flex wp-container-core-columns-is-layout-9d6595d7 wp-block-columns-is-layout-flex\">\n<div class=\"wp-block-column is-layout-flow wp-block-column-is-layout-flow\" style=\"flex-basis:40%\">\n<p class=\"has-x-large-font-size\">TROUVEZ UN VENDEUR DE PRODUITS PRESSURE PLUS PR\u00c8S DE CHEZ VOUS<\/p>\n\n\n\n<div class=\"wp-block-buttons is-layout-flex wp-block-buttons-is-layout-flex\">\n<div class=\"wp-block-button has-custom-font-size has-medium-font-size\"><a class=\"wp-block-button__link has-background wp-element-button\" href=\"https:\/\/pressurepluswood.com\/fr\/vendeurs\/\" style=\"border-radius:10px;background-color:#4b4b4d\">TROUVEZ-LE MAINTENANT<\/a><\/div>\n<\/div>\n<\/div>\n\n\n\n<div class=\"wp-block-column is-layout-flow wp-block-column-is-layout-flow\" style=\"flex-basis:60%\"><\/div>\n<\/div>\n<\/div><\/div>\n","protected":false},"excerpt":{"rendered":"<p>POUVEZ VOUS RECOUVRIR DU BOIS TRAIT\u00c9? OUI, EN SEULEMENT QUELQUES \u00c9TAPES. PR\u00c9PARATION M\u00c9THODES D\u2019APPLICATION PROC\u00c9DURE D\u2019UTILISATION<\/p>\n","protected":false},"author":2,"featured_media":0,"parent":0,"menu_order":0,"comment_status":"closed","ping_status":"closed","template":"","meta":{"footnotes":""},"class_list":["post-648","page","type-page","status-publish"],"aioseo_notices":[],"_links":{"self":[{"href":"https:\/\/pressurepluswood.com\/fr\/wp-json\/wp\/v2\/pages\/648","targetHints":{"allow":["GET"]}}],"collection":[{"href":"https:\/\/pressurepluswood.com\/fr\/wp-json\/wp\/v2\/pages"}],"about":[{"href":"https:\/\/pressurepluswood.com\/fr\/wp-json\/wp\/v2\/types\/page"}],"author":[{"embeddable":true,"href":"https:\/\/pressurepluswood.com\/fr\/wp-json\/wp\/v2\/users\/2"}],"replies":[{"embeddable":true,"href":"https:\/\/pressurepluswood.com\/fr\/wp-json\/wp\/v2\/comments?post=648"}],"version-history":[{"count":0,"href":"https:\/\/pressurepluswood.com\/fr\/wp-json\/wp\/v2\/pages\/648\/revisions"}],"wp:attachment":[{"href":"https:\/\/pressurepluswood.com\/fr\/wp-json\/wp\/v2\/media?parent=648"}],"curies":[{"name":"wp","href":"https:\/\/api.w.org\/{rel}","templated":true}]}}