{"id":642,"date":"2022-07-13T14:42:24","date_gmt":"2022-07-13T18:42:24","guid":{"rendered":"https:\/\/v2.pressurepluswood.com\/accueil\/"},"modified":"2023-05-10T14:35:38","modified_gmt":"2023-05-10T18:35:38","slug":"accueil","status":"publish","type":"page","link":"https:\/\/pressurepluswood.com\/fr\/","title":{"rendered":"Accueil"},"content":{"rendered":"\n<div class=\"wp-block-group\"><div class=\"wp-block-group__inner-container is-layout-constrained wp-block-group-is-layout-constrained\">\n<h1 class=\"wp-block-heading has-text-align-center home-headline\">LA MEILLEUR FA\u00c7ON DE METTRE EN VALEUR VOTRE BOIS TRAIT\u00c9<\/h1>\n\n\n\n<p class=\"has-text-align-center\">Pressure Plus rend votre bois trait\u00e9 magnifique et am\u00e9liore sa stabilit\u00e9 dimensionnelle en r\u00e9duisant l\u2019absorption d\u2019humidit\u00e9 de fa\u00e7on significative durant les p\u00e9riodes d\u2019intemp\u00e9ries. Une seule couche procure une beaut\u00e9 et une performance \u00e0 long terme durable pour vos plateformes ou cl\u00f4tures de bois trait\u00e9.<\/p>\n<\/div><\/div>\n\n\n\n<div class=\"wp-block-group group-home\"><div class=\"wp-block-group__inner-container is-layout-constrained wp-block-group-is-layout-constrained\">\n<div class=\"wp-block-columns is-layout-flex wp-container-core-columns-is-layout-9d6595d7 wp-block-columns-is-layout-flex\">\n<div class=\"wp-block-column is-layout-flow wp-block-column-is-layout-flow\"><div class=\"wp-block-image\">\n<figure class=\"aligncenter size-full\"><a href=\"https:\/\/pressurepluswood.com\/fr\/produit\/pressure-plus\/\"><img decoding=\"async\" width=\"251\" height=\"313\" src=\"https:\/\/pressurepluswood.com\/wp-content\/uploads\/2022\/07\/product-pressure-plus.png\" alt=\"Pressure Plus peut\" class=\"wp-image-95\" srcset=\"https:\/\/pressurepluswood.com\/wp-content\/uploads\/2022\/07\/product-pressure-plus.png 251w, https:\/\/pressurepluswood.com\/wp-content\/uploads\/2022\/07\/product-pressure-plus-241x300.png 241w\" sizes=\"(max-width: 251px) 100vw, 251px\" \/><\/a><\/figure>\n<\/div>\n\n\n<div style=\"height:50px\" aria-hidden=\"true\" class=\"wp-block-spacer\"><\/div>\n\n\n\n<div class=\"wp-block-group has-base-3-background-color has-background\"><div class=\"wp-block-group__inner-container is-layout-flow wp-block-group-is-layout-flow\">\n<h2 class=\"wp-block-heading has-text-align-center\">Pressure Plus<\/h2>\n\n\n\n<p class=\"has-text-align-center\">Transforme les bois trait\u00e9s verts en une teinte de bois naturelle ou rehausse la teinte naturelle des bois trait\u00e9s bruns.<\/p>\n\n\n\n<div class=\"wp-block-buttons is-layout-flex wp-block-buttons-is-layout-flex\">\n<div class=\"wp-block-button aligncenter\"><a class=\"wp-block-button__link wp-element-button\" href=\"https:\/\/pressurepluswood.com\/fr\/produit\/pressure-plus\/\" style=\"border-radius:10px\">Magasinez maintenant<\/a><\/div>\n<\/div>\n<\/div><\/div>\n<\/div>\n\n\n\n<div class=\"wp-block-column is-layout-flow wp-block-column-is-layout-flow\"><div class=\"wp-block-image\">\n<figure class=\"aligncenter size-full\"><a href=\"https:\/\/pressurepluswood.com\/fr\/produit\/pressure-plus-light\/\"><img decoding=\"async\" width=\"250\" height=\"312\" src=\"https:\/\/pressurepluswood.com\/wp-content\/uploads\/2022\/07\/product-pressure-light.png\" alt=\"Pressure Plus Light peut\" class=\"wp-image-100\" srcset=\"https:\/\/pressurepluswood.com\/wp-content\/uploads\/2022\/07\/product-pressure-light.png 250w, https:\/\/pressurepluswood.com\/wp-content\/uploads\/2022\/07\/product-pressure-light-240x300.png 240w\" sizes=\"(max-width: 250px) 100vw, 250px\" \/><\/a><\/figure>\n<\/div>\n\n\n<div style=\"height:50px\" aria-hidden=\"true\" class=\"wp-block-spacer\"><\/div>\n\n\n\n<div class=\"wp-block-group has-base-3-background-color has-background\"><div class=\"wp-block-group__inner-container is-layout-flow wp-block-group-is-layout-flow\">\n<h2 class=\"wp-block-heading has-text-align-center\">Pressure Plus Light<\/h2>\n\n\n\n<p class=\"has-text-align-center\">Transforme les bois trait\u00e9s verts en une teinte de bois naturelle ou maintien la teinte naturelle des bois trait\u00e9s bruns.<\/p>\n\n\n\n<div class=\"wp-block-buttons is-layout-flex wp-block-buttons-is-layout-flex\">\n<div class=\"wp-block-button aligncenter\"><a class=\"wp-block-button__link wp-element-button\" href=\"https:\/\/pressurepluswood.com\/fr\/produit\/pressure-plus-light\/\" style=\"border-radius:10px\">Magasinez maintenant<\/a><\/div>\n<\/div>\n<\/div><\/div>\n<\/div>\n\n\n\n<div class=\"wp-block-column is-layout-flow wp-block-column-is-layout-flow\"><div class=\"wp-block-image\">\n<figure class=\"aligncenter size-full\"><a href=\"https:\/\/pressurepluswood.com\/fr\/produit\/pressure-plus-gray\/\"><img decoding=\"async\" width=\"251\" height=\"313\" src=\"https:\/\/pressurepluswood.com\/wp-content\/uploads\/2022\/07\/product-pressure-gray.png\" alt=\"Pressure Plus Gray peut\" class=\"wp-image-102\" srcset=\"https:\/\/pressurepluswood.com\/wp-content\/uploads\/2022\/07\/product-pressure-gray.png 251w, https:\/\/pressurepluswood.com\/wp-content\/uploads\/2022\/07\/product-pressure-gray-241x300.png 241w\" sizes=\"(max-width: 251px) 100vw, 251px\" \/><\/a><\/figure>\n<\/div>\n\n\n<div style=\"height:50px\" aria-hidden=\"true\" class=\"wp-block-spacer\"><\/div>\n\n\n\n<div class=\"wp-block-group has-base-3-background-color has-background\"><div class=\"wp-block-group__inner-container is-layout-flow wp-block-group-is-layout-flow\">\n<h2 class=\"wp-block-heading has-text-align-center\">Pressure Plus Grey<\/h2>\n\n\n\n<p class=\"has-text-align-center\">Transforme les bois trait\u00e9s bruns ou verts en une teinte grise r\u00e9sistante et rehausse les bois trait\u00e9s gris.<\/p>\n\n\n\n<div class=\"wp-block-buttons is-layout-flex wp-block-buttons-is-layout-flex\">\n<div class=\"wp-block-button aligncenter\"><a class=\"wp-block-button__link wp-element-button\" href=\"https:\/\/pressurepluswood.com\/fr\/produit\/pressure-plus-gray\/\" style=\"border-radius:10px\">Magasinez maintenant<\/a><\/div>\n<\/div>\n<\/div><\/div>\n<\/div>\n<\/div>\n<\/div><\/div>\n\n\n\n<div class=\"wp-block-cover is-light locator-cover\" style=\"min-height:225px;aspect-ratio:unset;\"><span aria-hidden=\"true\" class=\"wp-block-cover__background has-background-dim-0 has-background-dim\"><\/span><img decoding=\"async\" width=\"1170\" height=\"277\" class=\"wp-block-cover__image-background wp-image-526\" alt=\"\" src=\"https:\/\/pressurepluswood.com\/wp-content\/uploads\/homepage-loc-lg.jpg\" data-object-fit=\"cover\" srcset=\"https:\/\/pressurepluswood.com\/wp-content\/uploads\/homepage-loc-lg.jpg 1170w, https:\/\/pressurepluswood.com\/wp-content\/uploads\/homepage-loc-lg-300x71.jpg 300w, https:\/\/pressurepluswood.com\/wp-content\/uploads\/homepage-loc-lg-1024x242.jpg 1024w, https:\/\/pressurepluswood.com\/wp-content\/uploads\/homepage-loc-lg-768x182.jpg 768w\" sizes=\"(max-width: 1170px) 100vw, 1170px\" \/><div class=\"wp-block-cover__inner-container is-layout-flow wp-block-cover-is-layout-flow\">\n<div class=\"wp-block-columns is-layout-flex wp-container-core-columns-is-layout-9d6595d7 wp-block-columns-is-layout-flex\">\n<div class=\"wp-block-column is-layout-flow wp-block-column-is-layout-flow\" style=\"flex-basis:40%\">\n<p class=\"has-x-large-font-size\">TROUVEZ UN VENDEUR DE PRODUITS PRESSURE PLUS PR\u00c8S DE CHEZ VOUS<\/p>\n\n\n\n<div class=\"wp-block-buttons is-layout-flex wp-block-buttons-is-layout-flex\">\n<div class=\"wp-block-button has-custom-font-size has-medium-font-size\"><a class=\"wp-block-button__link has-background wp-element-button\" href=\"https:\/\/pressurepluswood.com\/fr\/vendeurs\/\" style=\"border-radius:10px;background-color:#4b4b4d\">TROUVEZ-LE MAINTENANT<\/a><\/div>\n<\/div>\n<\/div>\n\n\n\n<div class=\"wp-block-column is-layout-flow wp-block-column-is-layout-flow\" style=\"flex-basis:60%\"><\/div>\n<\/div>\n<\/div><\/div>\n","protected":false},"excerpt":{"rendered":"<p>LA MEILLEUR FA\u00c7ON DE METTRE EN VALEUR VOTRE BOIS TRAIT\u00c9 Pressure Plus rend votre bois trait\u00e9 magnifique et am\u00e9liore sa stabilit\u00e9 dimensionnelle en r\u00e9duisant l\u2019absorption d\u2019humidit\u00e9 de fa\u00e7on significative durant les p\u00e9riodes d\u2019intemp\u00e9ries. Une seule couche procure une beaut\u00e9 et une performance \u00e0 long terme durable pour vos plateformes ou cl\u00f4tures de bois trait\u00e9. Pressure &#8230; <a title=\"Accueil\" class=\"read-more\" href=\"https:\/\/pressurepluswood.com\/fr\/\" aria-label=\"En savoir plus sur Accueil\">Lire plus<\/a><\/p>\n","protected":false},"author":2,"featured_media":0,"parent":0,"menu_order":0,"comment_status":"closed","ping_status":"closed","template":"","meta":{"footnotes":""},"class_list":["post-642","page","type-page","status-publish"],"aioseo_notices":[],"_links":{"self":[{"href":"https:\/\/pressurepluswood.com\/fr\/wp-json\/wp\/v2\/pages\/642","targetHints":{"allow":["GET"]}}],"collection":[{"href":"https:\/\/pressurepluswood.com\/fr\/wp-json\/wp\/v2\/pages"}],"about":[{"href":"https:\/\/pressurepluswood.com\/fr\/wp-json\/wp\/v2\/types\/page"}],"author":[{"embeddable":true,"href":"https:\/\/pressurepluswood.com\/fr\/wp-json\/wp\/v2\/users\/2"}],"replies":[{"embeddable":true,"href":"https:\/\/pressurepluswood.com\/fr\/wp-json\/wp\/v2\/comments?post=642"}],"version-history":[{"count":0,"href":"https:\/\/pressurepluswood.com\/fr\/wp-json\/wp\/v2\/pages\/642\/revisions"}],"wp:attachment":[{"href":"https:\/\/pressurepluswood.com\/fr\/wp-json\/wp\/v2\/media?parent=642"}],"curies":[{"name":"wp","href":"https:\/\/api.w.org\/{rel}","templated":true}]}}